{"id":135,"date":"2022-10-14T13:26:27","date_gmt":"2022-10-14T11:26:27","guid":{"rendered":"https:\/\/www.corporate.rosner.de\/?page_id=135"},"modified":"2023-06-06T07:37:53","modified_gmt":"2023-06-06T05:37:53","slug":"haendler-in-ihrer-naehe","status":"publish","type":"page","link":"https:\/\/www.corporate.rosner.de\/de\/haendler-in-ihrer-naehe\/","title":{"rendered":"H\u00e4ndler in Ihrer N\u00e4he"},"content":{"rendered":"\t\t<div data-elementor-type=\"wp-page\" data-elementor-id=\"135\" class=\"elementor elementor-135\" data-elementor-post-type=\"page\">\n\t\t\t\t\t\t<section class=\"elementor-section elementor-top-section elementor-element elementor-element-65ff47d elementor-section-boxed elementor-section-height-default elementor-section-height-default\" data-id=\"65ff47d\" data-element_type=\"section\" data-e-type=\"section\">\n\t\t\t\t\t\t<div class=\"elementor-container elementor-column-gap-default\">\n\t\t\t\t\t<div class=\"elementor-column elementor-col-100 elementor-top-column elementor-element elementor-element-36e1c36\" data-id=\"36e1c36\" data-element_type=\"column\" data-e-type=\"column\">\n\t\t\t<div class=\"elementor-widget-wrap elementor-element-populated\">\n\t\t\t\t\t\t<div class=\"elementor-element elementor-element-4ae6a83 elementor-widget elementor-widget-text-editor\" data-id=\"4ae6a83\" data-element_type=\"widget\" data-e-type=\"widget\" data-widget_type=\"text-editor.default\">\n\t\t\t\t<div class=\"elementor-widget-container\">\n\t\t\t\t\t\t\t\t\t<h1 class=\"elementor-heading-title elementor-size-default elementor-inline-editing pen\" data-elementor-setting-key=\"title\" data-pen-placeholder=\"Type Here...\">H\u00e4ndler in Ihrer N\u00e4he\u200b<\/h1>\t\t\t\t\t\t\t\t<\/div>\n\t\t\t\t<\/div>\n\t\t\t\t\t<\/div>\n\t\t<\/div>\n\t\t\t\t\t<\/div>\n\t\t<\/section>\n\t\t\t\t<section class=\"elementor-section elementor-top-section elementor-element elementor-element-eeeef70 elementor-section-boxed elementor-section-height-default elementor-section-height-default\" data-id=\"eeeef70\" data-element_type=\"section\" data-e-type=\"section\">\n\t\t\t\t\t\t<div class=\"elementor-container elementor-column-gap-default\">\n\t\t\t\t\t<div class=\"elementor-column elementor-col-100 elementor-top-column elementor-element elementor-element-6e164a3\" data-id=\"6e164a3\" data-element_type=\"column\" data-e-type=\"column\">\n\t\t\t<div class=\"elementor-widget-wrap elementor-element-populated\">\n\t\t\t\t\t\t<div class=\"elementor-element elementor-element-8f3e181 elementor-widget elementor-widget-text-editor\" data-id=\"8f3e181\" data-element_type=\"widget\" data-e-type=\"widget\" data-widget_type=\"text-editor.default\">\n\t\t\t\t<div class=\"elementor-widget-container\">\n\t\t\t\t\t\t\t\t\t<p>Sehr gerne teilen wir Ihnen auf Anfrage die f\u00fcr Sie n\u00e4chstgelegensten ROSNER &#8211; H\u00e4ndler mit.\u00a0<\/p><p>Wenden Sie sich dazu bitte an unsere Zentrale unter<strong> Tel: +49 (0) 91 91 \/ 83 399<\/strong> \u00a0oder E-Mail: <strong><a href=\"mailto:info@rosner.de\">info@rosner.de<\/a>.<\/strong><\/p>\t\t\t\t\t\t\t\t<\/div>\n\t\t\t\t<\/div>\n\t\t\t\t\t<\/div>\n\t\t<\/div>\n\t\t\t\t\t<\/div>\n\t\t<\/section>\n\t\t\t\t<\/div>\n\t\t","protected":false},"excerpt":{"rendered":"<p>H\u00e4ndler in Ihrer N\u00e4he\u200b Sehr gerne teilen wir Ihnen auf Anfrage die f\u00fcr Sie n\u00e4chstgelegensten ROSNER &#8211; H\u00e4ndler mit.\u00a0 Wenden Sie sich dazu bitte an unsere Zentrale unter Tel: +49 (0) 91 91 \/ 83 399 \u00a0oder E-Mail: info@rosner.de.<\/p>\n","protected":false},"author":1,"featured_media":0,"parent":0,"menu_order":0,"comment_status":"closed","ping_status":"closed","template":"","meta":{"footnotes":""},"class_list":["post-135","page","type-page","status-publish","hentry"],"_links":{"self":[{"href":"https:\/\/www.corporate.rosner.de\/de\/wp-json\/wp\/v2\/pages\/135"}],"collection":[{"href":"https:\/\/www.corporate.rosner.de\/de\/wp-json\/wp\/v2\/pages"}],"about":[{"href":"https:\/\/www.corporate.rosner.de\/de\/wp-json\/wp\/v2\/types\/page"}],"author":[{"embeddable":true,"href":"https:\/\/www.corporate.rosner.de\/de\/wp-json\/wp\/v2\/users\/1"}],"replies":[{"embeddable":true,"href":"https:\/\/www.corporate.rosner.de\/de\/wp-json\/wp\/v2\/comments?post=135"}],"version-history":[{"count":27,"href":"https:\/\/www.corporate.rosner.de\/de\/wp-json\/wp\/v2\/pages\/135\/revisions"}],"predecessor-version":[{"id":6723,"href":"https:\/\/www.corporate.rosner.de\/de\/wp-json\/wp\/v2\/pages\/135\/revisions\/6723"}],"wp:attachment":[{"href":"https:\/\/www.corporate.rosner.de\/de\/wp-json\/wp\/v2\/media?parent=135"}],"curies":[{"name":"wp","href":"https:\/\/api.w.org\/{rel}","templated":true}]}}