{"id":148,"date":"2022-10-14T13:31:44","date_gmt":"2022-10-14T11:31:44","guid":{"rendered":"https:\/\/www.corporate.rosner.de\/?page_id=148"},"modified":"2026-04-15T07:49:04","modified_gmt":"2026-04-15T05:49:04","slug":"karriere","status":"publish","type":"page","link":"https:\/\/www.corporate.rosner.de\/de\/karriere\/","title":{"rendered":"Karriere"},"content":{"rendered":"\t\t<div data-elementor-type=\"wp-page\" data-elementor-id=\"148\" class=\"elementor elementor-148\" data-elementor-post-type=\"page\">\n\t\t\t\t\t\t<section class=\"elementor-section elementor-top-section elementor-element elementor-element-83ed05f elementor-section-boxed elementor-section-height-default elementor-section-height-default\" data-id=\"83ed05f\" data-element_type=\"section\" data-e-type=\"section\">\n\t\t\t\t\t\t<div class=\"elementor-container elementor-column-gap-default\">\n\t\t\t\t\t<div class=\"elementor-column elementor-col-100 elementor-top-column elementor-element elementor-element-88b9164\" data-id=\"88b9164\" data-element_type=\"column\" data-e-type=\"column\">\n\t\t\t<div class=\"elementor-widget-wrap elementor-element-populated\">\n\t\t\t\t\t\t<div class=\"elementor-element elementor-element-96c6b53 elementor-widget elementor-widget-text-editor\" data-id=\"96c6b53\" data-element_type=\"widget\" data-e-type=\"widget\" data-widget_type=\"text-editor.default\">\n\t\t\t\t<div class=\"elementor-widget-container\">\n\t\t\t\t\t\t\t\t\t<h1>Karriere<\/h1>\t\t\t\t\t\t\t\t<\/div>\n\t\t\t\t<\/div>\n\t\t\t\t\t<\/div>\n\t\t<\/div>\n\t\t\t\t\t<\/div>\n\t\t<\/section>\n\t\t\t\t<section class=\"elementor-section elementor-top-section elementor-element elementor-element-a8f2806 elementor-section-boxed elementor-section-height-default elementor-section-height-default\" data-id=\"a8f2806\" data-element_type=\"section\" data-e-type=\"section\">\n\t\t\t\t\t\t<div class=\"elementor-container elementor-column-gap-default\">\n\t\t\t\t\t<div class=\"elementor-column elementor-col-100 elementor-top-column elementor-element elementor-element-7903f04\" data-id=\"7903f04\" data-element_type=\"column\" data-e-type=\"column\">\n\t\t\t<div class=\"elementor-widget-wrap elementor-element-populated\">\n\t\t\t\t\t\t<div class=\"elementor-element elementor-element-15bdfd8 elementor-widget elementor-widget-text-editor\" data-id=\"15bdfd8\" data-element_type=\"widget\" data-e-type=\"widget\" data-widget_type=\"text-editor.default\">\n\t\t\t\t<div class=\"elementor-widget-container\">\n\t\t\t\t\t\t\t\t\t<p><strong>ROSNER begeistert mit Mode-Trends, vielseiten M\u00f6glichkeiten und flachen Hierarchien <br \/><\/strong><\/p><p>Kernprodukt der Marke ROSNER sind hochwertige Damenhosen f\u00fcr anspruchsvolle und stilsichere Frauen. Seit 2013 z\u00e4hlt die ROSNER AVANTGARDE MODE GMBH als eigenst\u00e4ndige Tochtergesellschaft\u00a0 zur Weber &amp; Ott Group, 2018 wurde das Unternehmen ins Headquarter der W+O Familie im nordbayerischen Forchheim integriert. Ein Standort mit viel Charme und Freizeitm\u00f6glichkeiten am Eingang zur Fr\u00e4nkischen Schweiz.<\/p>\t\t\t\t\t\t\t\t<\/div>\n\t\t\t\t<\/div>\n\t\t\t\t\t<\/div>\n\t\t<\/div>\n\t\t\t\t\t<\/div>\n\t\t<\/section>\n\t\t\t\t<section class=\"elementor-section elementor-top-section elementor-element elementor-element-3366431 elementor-section-boxed elementor-section-height-default elementor-section-height-default\" data-id=\"3366431\" data-element_type=\"section\" data-e-type=\"section\">\n\t\t\t\t\t\t<div class=\"elementor-container elementor-column-gap-default\">\n\t\t\t\t\t<div class=\"elementor-column elementor-col-100 elementor-top-column elementor-element elementor-element-ff5d4f9\" data-id=\"ff5d4f9\" data-element_type=\"column\" data-e-type=\"column\">\n\t\t\t<div class=\"elementor-widget-wrap elementor-element-populated\">\n\t\t\t\t\t\t<div class=\"elementor-element elementor-element-e194e85 elementor-widget elementor-widget-text-editor\" data-id=\"e194e85\" data-element_type=\"widget\" data-e-type=\"widget\" data-widget_type=\"text-editor.default\">\n\t\t\t\t<div class=\"elementor-widget-container\">\n\t\t\t\t\t\t\t\t\t<p><a style=\"font-size: 1rem\" href=\"https:\/\/www.weberundott.de\/de\/karriere\" target=\"_blank\" rel=\"noopener\">Zu den aktuellen Job- und Ausbildungsangeboten &gt;&gt;<\/a><\/p><p>Bewirb Dich jetzt \u2013 wir freuen uns auf Dich!<\/p>\t\t\t\t\t\t\t\t<\/div>\n\t\t\t\t<\/div>\n\t\t\t\t\t<\/div>\n\t\t<\/div>\n\t\t\t\t\t<\/div>\n\t\t<\/section>\n\t\t\t\t<\/div>\n\t\t","protected":false},"excerpt":{"rendered":"<p>Karriere ROSNER begeistert mit Mode-Trends, vielseiten M\u00f6glichkeiten und flachen Hierarchien Kernprodukt der Marke ROSNER sind hochwertige Damenhosen f\u00fcr anspruchsvolle und stilsichere Frauen. Seit 2013 z\u00e4hlt die ROSNER AVANTGARDE MODE GMBH als eigenst\u00e4ndige Tochtergesellschaft\u00a0 zur Weber &amp; Ott Group, 2018 wurde das Unternehmen ins Headquarter der W+O Familie im nordbayerischen Forchheim integriert. Ein Standort mit viel [&hellip;]<\/p>\n","protected":false},"author":1,"featured_media":0,"parent":0,"menu_order":0,"comment_status":"closed","ping_status":"closed","template":"","meta":{"footnotes":""},"class_list":["post-148","page","type-page","status-publish","hentry"],"_links":{"self":[{"href":"https:\/\/www.corporate.rosner.de\/de\/wp-json\/wp\/v2\/pages\/148"}],"collection":[{"href":"https:\/\/www.corporate.rosner.de\/de\/wp-json\/wp\/v2\/pages"}],"about":[{"href":"https:\/\/www.corporate.rosner.de\/de\/wp-json\/wp\/v2\/types\/page"}],"author":[{"embeddable":true,"href":"https:\/\/www.corporate.rosner.de\/de\/wp-json\/wp\/v2\/users\/1"}],"replies":[{"embeddable":true,"href":"https:\/\/www.corporate.rosner.de\/de\/wp-json\/wp\/v2\/comments?post=148"}],"version-history":[{"count":91,"href":"https:\/\/www.corporate.rosner.de\/de\/wp-json\/wp\/v2\/pages\/148\/revisions"}],"predecessor-version":[{"id":8934,"href":"https:\/\/www.corporate.rosner.de\/de\/wp-json\/wp\/v2\/pages\/148\/revisions\/8934"}],"wp:attachment":[{"href":"https:\/\/www.corporate.rosner.de\/de\/wp-json\/wp\/v2\/media?parent=148"}],"curies":[{"name":"wp","href":"https:\/\/api.w.org\/{rel}","templated":true}]}}