{"id":4305,"date":"2022-11-25T14:12:26","date_gmt":"2022-11-25T13:12:26","guid":{"rendered":"https:\/\/www.corporate.rosner.de\/?page_id=4305"},"modified":"2026-03-09T12:21:34","modified_gmt":"2026-03-09T11:21:34","slug":"nachbestellung-content","status":"publish","type":"page","link":"https:\/\/www.corporate.rosner.de\/de\/nachbestellung-content\/","title":{"rendered":"Nachbestellung \/ Content"},"content":{"rendered":"\t\t<div data-elementor-type=\"wp-page\" data-elementor-id=\"4305\" class=\"elementor elementor-4305\" data-elementor-post-type=\"page\">\n\t\t\t\t\t\t<section class=\"elementor-section elementor-top-section elementor-element elementor-element-57b6ae0 elementor-section-full_width elementor-section-height-default elementor-section-height-default\" data-id=\"57b6ae0\" data-element_type=\"section\" data-e-type=\"section\">\n\t\t\t\t\t\t<div class=\"elementor-container elementor-column-gap-default\">\n\t\t\t\t\t<div class=\"elementor-column elementor-col-100 elementor-top-column elementor-element elementor-element-99f0896\" data-id=\"99f0896\" data-element_type=\"column\" data-e-type=\"column\">\n\t\t\t<div class=\"elementor-widget-wrap elementor-element-populated\">\n\t\t\t\t\t\t<div class=\"elementor-element elementor-element-7acae2e elementor-widget elementor-widget-image\" data-id=\"7acae2e\" data-element_type=\"widget\" data-e-type=\"widget\" data-widget_type=\"image.default\">\n\t\t\t\t<div class=\"elementor-widget-container\">\n\t\t\t\t\t\t\t\t\t\t\t\t\t\t\t<img fetchpriority=\"high\" decoding=\"async\" width=\"1928\" height=\"753\" src=\"https:\/\/www.corporate.rosner.de\/wp-content\/uploads\/sites\/6\/2026\/03\/1928xextra_rosner_fs26.jpg\" class=\"attachment-full size-full wp-image-8916\" alt=\"Rosner_studio\" srcset=\"https:\/\/www.corporate.rosner.de\/wp-content\/uploads\/sites\/6\/2026\/03\/1928xextra_rosner_fs26.jpg 1928w, https:\/\/www.corporate.rosner.de\/wp-content\/uploads\/sites\/6\/2026\/03\/1928xextra_rosner_fs26-300x117.jpg 300w, https:\/\/www.corporate.rosner.de\/wp-content\/uploads\/sites\/6\/2026\/03\/1928xextra_rosner_fs26-1024x400.jpg 1024w, https:\/\/www.corporate.rosner.de\/wp-content\/uploads\/sites\/6\/2026\/03\/1928xextra_rosner_fs26-768x300.jpg 768w, https:\/\/www.corporate.rosner.de\/wp-content\/uploads\/sites\/6\/2026\/03\/1928xextra_rosner_fs26-1536x600.jpg 1536w, https:\/\/www.corporate.rosner.de\/wp-content\/uploads\/sites\/6\/2026\/03\/1928xextra_rosner_fs26-18x7.jpg 18w\" sizes=\"(max-width: 1928px) 100vw, 1928px\" \/>\t\t\t\t\t\t\t\t\t\t\t\t\t\t\t<\/div>\n\t\t\t\t<\/div>\n\t\t\t\t\t<\/div>\n\t\t<\/div>\n\t\t\t\t\t<\/div>\n\t\t<\/section>\n\t\t\t\t<section class=\"elementor-section elementor-top-section elementor-element elementor-element-db7daa0 elementor-section-boxed elementor-section-height-default elementor-section-height-default\" data-id=\"db7daa0\" data-element_type=\"section\" data-e-type=\"section\">\n\t\t\t\t\t\t<div class=\"elementor-container elementor-column-gap-default\">\n\t\t\t\t\t<div class=\"elementor-column elementor-col-100 elementor-top-column elementor-element elementor-element-59d56d0\" data-id=\"59d56d0\" data-element_type=\"column\" data-e-type=\"column\">\n\t\t\t<div class=\"elementor-widget-wrap elementor-element-populated\">\n\t\t\t\t\t\t<div class=\"elementor-element elementor-element-a5c53fc elementor-widget elementor-widget-text-editor\" data-id=\"a5c53fc\" data-element_type=\"widget\" data-e-type=\"widget\" data-widget_type=\"text-editor.default\">\n\t\t\t\t<div class=\"elementor-widget-container\">\n\t\t\t\t\t\t\t\t\t<h1>Nachbestellung \/ Content<\/h1>\t\t\t\t\t\t\t\t<\/div>\n\t\t\t\t<\/div>\n\t\t\t\t\t<\/div>\n\t\t<\/div>\n\t\t\t\t\t<\/div>\n\t\t<\/section>\n\t\t\t\t<section class=\"elementor-section elementor-top-section elementor-element elementor-element-9c32021 elementor-section-boxed elementor-section-height-default elementor-section-height-default\" data-id=\"9c32021\" data-element_type=\"section\" data-e-type=\"section\">\n\t\t\t\t\t\t\t<div class=\"elementor-background-overlay\"><\/div>\n\t\t\t\t\t\t\t<div class=\"elementor-container elementor-column-gap-default\">\n\t\t\t\t\t<div class=\"elementor-column elementor-col-100 elementor-top-column elementor-element elementor-element-16395a9\" data-id=\"16395a9\" data-element_type=\"column\" data-e-type=\"column\">\n\t\t\t<div class=\"elementor-widget-wrap elementor-element-populated\">\n\t\t\t\t\t\t<div class=\"elementor-element elementor-element-c3a31a3 elementor-widget elementor-widget-text-editor\" data-id=\"c3a31a3\" data-element_type=\"widget\" data-e-type=\"widget\" data-widget_type=\"text-editor.default\">\n\t\t\t\t<div class=\"elementor-widget-container\">\n\t\t\t\t\t\t\t\t\t<h3>Ihre M\u00f6glichkeiten der NOS &amp; Depot Nachorder<\/h3><p>W\u00e4hlen Sie zwischen den folgenden Bestellm\u00f6glichkeiten, um ROSNER NOS\/Depot Artikel zu ordern:<\/p>\t\t\t\t\t\t\t\t<\/div>\n\t\t\t\t<\/div>\n\t\t\t\t\t<\/div>\n\t\t<\/div>\n\t\t\t\t\t<\/div>\n\t\t<\/section>\n\t\t\t\t<section class=\"elementor-section elementor-top-section elementor-element elementor-element-00d4b4d elementor-section-boxed elementor-section-height-default elementor-section-height-default\" data-id=\"00d4b4d\" data-element_type=\"section\" data-e-type=\"section\">\n\t\t\t\t\t\t<div class=\"elementor-container elementor-column-gap-default\">\n\t\t\t\t\t<div class=\"elementor-column elementor-col-100 elementor-top-column elementor-element elementor-element-f8dd830\" data-id=\"f8dd830\" data-element_type=\"column\" data-e-type=\"column\">\n\t\t\t<div class=\"elementor-widget-wrap elementor-element-populated\">\n\t\t\t\t\t\t<div class=\"elementor-element elementor-element-f5569bb elementor-widget elementor-widget-text-editor\" data-id=\"f5569bb\" data-element_type=\"widget\" data-e-type=\"widget\" data-widget_type=\"text-editor.default\">\n\t\t\t\t<div class=\"elementor-widget-container\">\n\t\t\t\t\t\t\t\t\t<h3>&gt; Automatische Nachversorgung via EDI<\/h3><p>Wenn Sie \u00fcber ein EDI-f\u00e4higes Warenwirtschaftssystem verf\u00fcgen und uns kontinuierlich Ihre Verkaufsberichte (Sales Reports\/SLSRPT) \u00fcbermitteln, kann eine automatische Nachlieferung durch ROSNER erfolgen und so Sortimentsl\u00fccken vermieden und Ihre Lagerumschlaggeschwindigkeit optimiert werden.<\/p><p>Dabei haben Sie die volle Kontrolle: Sie legen im Vorfeld alle wichtigen Faktoren wie Grundbest\u00fcckung, Artikelauswahl, Mindestmengen fest. Sollten Sie \u00c4nderungsw\u00fcnsche zu Artikelauswahl oder Warenmengen haben, werden diese schnellstm\u00f6glich umgesetzt.<\/p><p><strong>Interessiert? Dann steht Ihnen Ihr\/e Rosner Repr\u00e4sentant\/in f\u00fcr Fragen gerne zur Verf\u00fcgung.<\/strong><\/p><h3>&gt; Nachorder per EDI<\/h3><p>Sollte Ihr Warenwirtschaftssystem in der Lage sein, Bestellungen im EDI-Format weiterzuleiten, k\u00f6nnen wir diese automatisch lesen, sofort bearbeiten und die gew\u00fcnschte Ware umgehend an Sie versenden.<\/p><h3>&gt; Online Nachorder \u00fcber den ROSNER <a href=\"https:\/\/fashion.cloud\/de\/premium\/?brand=rosner\">B2B Bereich<\/a> der Fashion Cloud<\/h3><p>Ordern Sie Artikel online \u00fcber die <a href=\"https:\/\/fashion.cloud\/de\/premium\/?brand=rosner\">Fashion Cloud<\/a>. ROSNER bietet Ihnen diese Nachorder kostenlos auf der Web-Plattform an. Sie k\u00f6nnen die NOS\/Depot Modelle, sowie Styles aus der aktuellen Kollektion mit nur wenigen Klicks direkt nachbestellen\u2013 und das rund um die Uhr!<\/p><h3>&gt; Mail, Fax oder Telefon<\/h3><p>Gerne auch auf diesem Wege:<br \/>MAIL info@rosner.de <br \/>FON + 49 (0) 9191 \/ 83 &#8211; 299<br \/>oder \u00fcber Ihren zust\u00e4ndigen Rosner Repr\u00e4sentant\/in<\/p>\t\t\t\t\t\t\t\t<\/div>\n\t\t\t\t<\/div>\n\t\t\t\t\t<\/div>\n\t\t<\/div>\n\t\t\t\t\t<\/div>\n\t\t<\/section>\n\t\t\t\t<section class=\"elementor-section elementor-top-section elementor-element elementor-element-cfbd7b9 elementor-section-boxed elementor-section-height-default elementor-section-height-default\" data-id=\"cfbd7b9\" data-element_type=\"section\" data-e-type=\"section\">\n\t\t\t\t\t\t<div class=\"elementor-container elementor-column-gap-default\">\n\t\t\t\t\t<div class=\"elementor-column elementor-col-100 elementor-top-column elementor-element elementor-element-e2652ed\" data-id=\"e2652ed\" data-element_type=\"column\" data-e-type=\"column\">\n\t\t\t<div class=\"elementor-widget-wrap elementor-element-populated\">\n\t\t\t\t\t\t<div class=\"elementor-element elementor-element-ab21ec8 elementor-widget elementor-widget-menu-anchor\" data-id=\"ab21ec8\" data-element_type=\"widget\" data-e-type=\"widget\" data-widget_type=\"menu-anchor.default\">\n\t\t\t\t<div class=\"elementor-widget-container\">\n\t\t\t\t\t\t\t<div class=\"elementor-menu-anchor\" id=\"toni\"><\/div>\n\t\t\t\t\t\t<\/div>\n\t\t\t\t<\/div>\n\t\t\t\t\t<\/div>\n\t\t<\/div>\n\t\t\t\t\t<\/div>\n\t\t<\/section>\n\t\t\t\t<section class=\"elementor-section elementor-top-section elementor-element elementor-element-e31a812 elementor-section-boxed elementor-section-height-default elementor-section-height-default\" data-id=\"e31a812\" data-element_type=\"section\" data-e-type=\"section\">\n\t\t\t\t\t\t\t<div class=\"elementor-background-overlay\"><\/div>\n\t\t\t\t\t\t\t<div class=\"elementor-container elementor-column-gap-default\">\n\t\t\t\t\t<div class=\"elementor-column elementor-col-100 elementor-top-column elementor-element elementor-element-4bded66\" data-id=\"4bded66\" data-element_type=\"column\" data-e-type=\"column\">\n\t\t\t<div class=\"elementor-widget-wrap elementor-element-populated\">\n\t\t\t\t\t\t<div class=\"elementor-element elementor-element-e2d5529 elementor-widget elementor-widget-text-editor\" data-id=\"e2d5529\" data-element_type=\"widget\" data-e-type=\"widget\" data-widget_type=\"text-editor.default\">\n\t\t\t\t<div class=\"elementor-widget-container\">\n\t\t\t\t\t\t\t\t\t<h3>Print-, Online- und Social Media-Kampagnen<\/h3>\t\t\t\t\t\t\t\t<\/div>\n\t\t\t\t<\/div>\n\t\t\t\t\t<\/div>\n\t\t<\/div>\n\t\t\t\t\t<\/div>\n\t\t<\/section>\n\t\t\t\t<section class=\"elementor-section elementor-top-section elementor-element elementor-element-bbfb40b elementor-section-boxed elementor-section-height-default elementor-section-height-default\" data-id=\"bbfb40b\" data-element_type=\"section\" data-e-type=\"section\">\n\t\t\t\t\t\t<div class=\"elementor-container elementor-column-gap-default\">\n\t\t\t\t\t<div class=\"elementor-column elementor-col-100 elementor-top-column elementor-element elementor-element-270bba3\" data-id=\"270bba3\" data-element_type=\"column\" data-e-type=\"column\">\n\t\t\t<div class=\"elementor-widget-wrap elementor-element-populated\">\n\t\t\t\t\t\t<div class=\"elementor-element elementor-element-8bd8522 elementor-widget elementor-widget-text-editor\" data-id=\"8bd8522\" data-element_type=\"widget\" data-e-type=\"widget\" data-widget_type=\"text-editor.default\">\n\t\t\t\t<div class=\"elementor-widget-container\">\n\t\t\t\t\t\t\t\t\t<p>Zu den wichtigsten Trendthemen der jeweils aktuellen Saison halten wir f\u00fcr Sie kostenlos den passenden Content in Form von Images und Anzeigenvorlagen im <a href=\"https:\/\/fashion.cloud\/de\/premium\/?brand=rosner\" target=\"_blank\" rel=\"noopener\">ROSNER Account der Fashion Cloud<\/a> bereit. Fragen Sie dazu einfach Ihre:n Au\u00dfendienst-Repr\u00e4sentanten:in.<\/p>\t\t\t\t\t\t\t\t<\/div>\n\t\t\t\t<\/div>\n\t\t\t\t\t<\/div>\n\t\t<\/div>\n\t\t\t\t\t<\/div>\n\t\t<\/section>\n\t\t\t\t<\/div>\n\t\t","protected":false},"excerpt":{"rendered":"<p>Nachbestellung \/ Content Ihre M\u00f6glichkeiten der NOS &amp; Depot Nachorder W\u00e4hlen Sie zwischen den folgenden Bestellm\u00f6glichkeiten, um ROSNER NOS\/Depot Artikel zu ordern: &gt; Automatische Nachversorgung via EDI Wenn Sie \u00fcber ein EDI-f\u00e4higes Warenwirtschaftssystem verf\u00fcgen und uns kontinuierlich Ihre Verkaufsberichte (Sales Reports\/SLSRPT) \u00fcbermitteln, kann eine automatische Nachlieferung durch ROSNER erfolgen und so Sortimentsl\u00fccken vermieden und Ihre [&hellip;]<\/p>\n","protected":false},"author":4,"featured_media":0,"parent":0,"menu_order":0,"comment_status":"closed","ping_status":"closed","template":"","meta":{"footnotes":""},"class_list":["post-4305","page","type-page","status-publish","hentry"],"_links":{"self":[{"href":"https:\/\/www.corporate.rosner.de\/de\/wp-json\/wp\/v2\/pages\/4305"}],"collection":[{"href":"https:\/\/www.corporate.rosner.de\/de\/wp-json\/wp\/v2\/pages"}],"about":[{"href":"https:\/\/www.corporate.rosner.de\/de\/wp-json\/wp\/v2\/types\/page"}],"author":[{"embeddable":true,"href":"https:\/\/www.corporate.rosner.de\/de\/wp-json\/wp\/v2\/users\/4"}],"replies":[{"embeddable":true,"href":"https:\/\/www.corporate.rosner.de\/de\/wp-json\/wp\/v2\/comments?post=4305"}],"version-history":[{"count":292,"href":"https:\/\/www.corporate.rosner.de\/de\/wp-json\/wp\/v2\/pages\/4305\/revisions"}],"predecessor-version":[{"id":8922,"href":"https:\/\/www.corporate.rosner.de\/de\/wp-json\/wp\/v2\/pages\/4305\/revisions\/8922"}],"wp:attachment":[{"href":"https:\/\/www.corporate.rosner.de\/de\/wp-json\/wp\/v2\/media?parent=4305"}],"curies":[{"name":"wp","href":"https:\/\/api.w.org\/{rel}","templated":true}]}}