{"id":498,"date":"2022-10-18T17:18:36","date_gmt":"2022-10-18T15:18:36","guid":{"rendered":"https:\/\/www.corporate.rosner.de\/?page_id=498"},"modified":"2025-12-11T10:51:12","modified_gmt":"2025-12-11T09:51:12","slug":"preview","status":"publish","type":"page","link":"https:\/\/www.corporate.rosner.de\/de\/preview\/","title":{"rendered":"Preview New Collection"},"content":{"rendered":"\t\t<div data-elementor-type=\"wp-page\" data-elementor-id=\"498\" class=\"elementor elementor-498\" data-elementor-post-type=\"page\">\n\t\t\t\t\t\t<section class=\"elementor-section elementor-top-section elementor-element elementor-element-1632bb2 elementor-section-full_width elementor-section-height-default elementor-section-height-default\" data-id=\"1632bb2\" data-element_type=\"section\" data-e-type=\"section\">\n\t\t\t\t\t\t<div class=\"elementor-container elementor-column-gap-default\">\n\t\t\t\t\t<div class=\"elementor-column elementor-col-100 elementor-top-column elementor-element elementor-element-6925ad5\" data-id=\"6925ad5\" data-element_type=\"column\" data-e-type=\"column\">\n\t\t\t<div class=\"elementor-widget-wrap elementor-element-populated\">\n\t\t\t\t\t\t<div class=\"elementor-element elementor-element-3072d48 elementor-widget elementor-widget-image\" data-id=\"3072d48\" data-element_type=\"widget\" data-e-type=\"widget\" data-widget_type=\"image.default\">\n\t\t\t\t<div class=\"elementor-widget-container\">\n\t\t\t\t\t\t\t\t\t\t\t\t\t\t\t\t<a href=\"https:\/\/indd.adobe.com\/view\/a1a4c35d-3055-48ad-9fb7-25bfa3f375be\" target=\"_blank\">\n\t\t\t\t\t\t\t<img fetchpriority=\"high\" decoding=\"async\" width=\"1928\" height=\"500\" src=\"https:\/\/www.corporate.rosner.de\/wp-content\/uploads\/sites\/6\/2025\/12\/head2.jpg\" class=\"attachment-full size-full wp-image-8861\" alt=\"\" srcset=\"https:\/\/www.corporate.rosner.de\/wp-content\/uploads\/sites\/6\/2025\/12\/head2.jpg 1928w, https:\/\/www.corporate.rosner.de\/wp-content\/uploads\/sites\/6\/2025\/12\/head2-300x78.jpg 300w, https:\/\/www.corporate.rosner.de\/wp-content\/uploads\/sites\/6\/2025\/12\/head2-1024x266.jpg 1024w, https:\/\/www.corporate.rosner.de\/wp-content\/uploads\/sites\/6\/2025\/12\/head2-768x199.jpg 768w, https:\/\/www.corporate.rosner.de\/wp-content\/uploads\/sites\/6\/2025\/12\/head2-1536x398.jpg 1536w, https:\/\/www.corporate.rosner.de\/wp-content\/uploads\/sites\/6\/2025\/12\/head2-18x5.jpg 18w\" sizes=\"(max-width: 1928px) 100vw, 1928px\" \/>\t\t\t\t\t\t\t\t<\/a>\n\t\t\t\t\t\t\t\t\t\t\t\t\t\t\t<\/div>\n\t\t\t\t<\/div>\n\t\t\t\t\t<\/div>\n\t\t<\/div>\n\t\t\t\t\t<\/div>\n\t\t<\/section>\n\t\t\t\t<section class=\"elementor-section elementor-top-section elementor-element elementor-element-1110298 elementor-section-boxed elementor-section-height-default elementor-section-height-default\" data-id=\"1110298\" data-element_type=\"section\" data-e-type=\"section\">\n\t\t\t\t\t\t<div class=\"elementor-container elementor-column-gap-default\">\n\t\t\t\t\t<div class=\"elementor-column elementor-col-100 elementor-top-column elementor-element elementor-element-6c160fd\" data-id=\"6c160fd\" data-element_type=\"column\" data-e-type=\"column\">\n\t\t\t<div class=\"elementor-widget-wrap elementor-element-populated\">\n\t\t\t\t\t\t<div class=\"elementor-element elementor-element-1da568c elementor-widget elementor-widget-heading\" data-id=\"1da568c\" data-element_type=\"widget\" data-e-type=\"widget\" data-widget_type=\"heading.default\">\n\t\t\t\t<div class=\"elementor-widget-container\">\n\t\t\t\t\t<h1 class=\"elementor-heading-title elementor-size-default\">BRITISH NEW COOLNESS<\/h1>\t\t\t\t<\/div>\n\t\t\t\t<\/div>\n\t\t\t\t\t<\/div>\n\t\t<\/div>\n\t\t\t\t\t<\/div>\n\t\t<\/section>\n\t\t\t\t<section class=\"elementor-section elementor-top-section elementor-element elementor-element-a28afff elementor-section-boxed elementor-section-height-default elementor-section-height-default\" data-id=\"a28afff\" data-element_type=\"section\" data-e-type=\"section\">\n\t\t\t\t\t\t<div class=\"elementor-container elementor-column-gap-default\">\n\t\t\t\t\t<div class=\"elementor-column elementor-col-50 elementor-top-column elementor-element elementor-element-a4fc51a\" data-id=\"a4fc51a\" data-element_type=\"column\" data-e-type=\"column\">\n\t\t\t<div class=\"elementor-widget-wrap elementor-element-populated\">\n\t\t\t\t\t\t<div class=\"elementor-element elementor-element-cb8cfb7 elementor-widget elementor-widget-text-editor\" data-id=\"cb8cfb7\" data-element_type=\"widget\" data-e-type=\"widget\" data-widget_type=\"text-editor.default\">\n\t\t\t\t<div class=\"elementor-widget-container\">\n\t\t\t\t\t\t\t\t\t<p style=\"text-align: center\"><strong>MODERN &#8211; GELASSEN &#8211; KULTIVIERT &#8211; UNERWARTET FRISCH<\/strong><\/p><p style=\"text-align: center\">So interpretiert <strong>ROSNER STUDIO<\/strong> die britische Coolness neu.<\/p><p style=\"text-align: center\">British New Coolness steht f\u00fcr eine zeitgem\u00e4\u00dfe Eleganz, die das Traditionelle respektiert und doch konsequent weiterdenkt. Die Kollektion verbindet klassische Tailoring-Einfl\u00fcsse aus London und Edinburgh mit einer neuen, l\u00e4ssigen Modernit\u00e4t, die den Spirit urbaner Subkultur mit feinsinnigem Luxus vereint.<\/p><p style=\"text-align: center\">Besuche uns in deinem <span style=\"text-decoration: underline\"><a href=\"https:\/\/www.corporate.rosner.de\/showrooms\/\"><strong>ROSNER STUDIO<\/strong> Showroom<\/a><\/span> vor Ort sowie w\u00e4hrend der D\u00fcsseldorf Fashion Days in Halle 30.<\/p>\t\t\t\t\t\t\t\t<\/div>\n\t\t\t\t<\/div>\n\t\t\t\t\t<\/div>\n\t\t<\/div>\n\t\t\t\t<div class=\"elementor-column elementor-col-50 elementor-top-column elementor-element elementor-element-26ac010\" data-id=\"26ac010\" data-element_type=\"column\" data-e-type=\"column\">\n\t\t\t<div class=\"elementor-widget-wrap elementor-element-populated\">\n\t\t\t\t\t\t<div class=\"elementor-element elementor-element-1032d62 elementor-widget elementor-widget-text-editor\" data-id=\"1032d62\" data-element_type=\"widget\" data-e-type=\"widget\" data-widget_type=\"text-editor.default\">\n\t\t\t\t<div class=\"elementor-widget-container\">\n\t\t\t\t\t\t\t\t\t<p style=\"text-align: center\"><strong>MODERN \u2013 SMART \u2013 CULTIVATED \u2013 UNEXPECTEDLY FRESH<\/strong><\/p><p style=\"text-align: center\">This is how <strong>ROSNER STUDIO<\/strong> reinterprets British coolness.<\/p><p style=\"text-align: center\">British New Coolness stands for contemporary elegance that respects tradition while consistently thinking ahead. The collection combines classic tailoring influences from London and Edinburgh with a new, casual modernity that blends the spirit of urban subculture with subtle luxury.<\/p><p style=\"text-align: center\">Visit us at your <span style=\"text-decoration: underline\"><a href=\"https:\/\/www.corporate.rosner.de\/en\/showrooms\/\"><strong>ROSNER STUDIO<\/strong> Showroom<\/a><\/span> on site and during the D\u00fcsseldorf Fashion Days in Hall 30.<\/p>\t\t\t\t\t\t\t\t<\/div>\n\t\t\t\t<\/div>\n\t\t\t\t\t<\/div>\n\t\t<\/div>\n\t\t\t\t\t<\/div>\n\t\t<\/section>\n\t\t\t\t<section class=\"elementor-section elementor-top-section elementor-element elementor-element-fcc1ada elementor-section-boxed elementor-section-height-default elementor-section-height-default\" data-id=\"fcc1ada\" data-element_type=\"section\" data-e-type=\"section\">\n\t\t\t\t\t\t<div class=\"elementor-container elementor-column-gap-default\">\n\t\t\t\t\t<div class=\"elementor-column elementor-col-100 elementor-top-column elementor-element elementor-element-b46fe23\" data-id=\"b46fe23\" data-element_type=\"column\" data-e-type=\"column\">\n\t\t\t<div class=\"elementor-widget-wrap elementor-element-populated\">\n\t\t\t\t\t\t<div class=\"elementor-element elementor-element-4a05d1c elementor-widget elementor-widget-gallery\" data-id=\"4a05d1c\" data-element_type=\"widget\" data-e-type=\"widget\" data-settings=\"{&quot;gallery_layout&quot;:&quot;masonry&quot;,&quot;link_to&quot;:&quot;custom&quot;,&quot;url&quot;:{&quot;url&quot;:&quot;https:\\\/\\\/indd.adobe.com\\\/view\\\/a1a4c35d-3055-48ad-9fb7-25bfa3f375be&quot;,&quot;is_external&quot;:&quot;&quot;,&quot;nofollow&quot;:&quot;&quot;,&quot;custom_attributes&quot;:&quot;&quot;},&quot;lazyload&quot;:&quot;yes&quot;,&quot;columns&quot;:4,&quot;columns_tablet&quot;:2,&quot;columns_mobile&quot;:1,&quot;gap&quot;:{&quot;unit&quot;:&quot;px&quot;,&quot;size&quot;:10,&quot;sizes&quot;:[]},&quot;gap_tablet&quot;:{&quot;unit&quot;:&quot;px&quot;,&quot;size&quot;:10,&quot;sizes&quot;:[]},&quot;gap_mobile&quot;:{&quot;unit&quot;:&quot;px&quot;,&quot;size&quot;:10,&quot;sizes&quot;:[]},&quot;overlay_background&quot;:&quot;yes&quot;,&quot;content_hover_animation&quot;:&quot;fade-in&quot;}\" data-widget_type=\"gallery.default\">\n\t\t\t\t<div class=\"elementor-widget-container\">\n\t\t\t\t\t\t\t<div class=\"elementor-gallery__container\">\n\t\t\t\t\t\t\t<a class=\"e-gallery-item elementor-gallery-item elementor-animated-content\" href=\"https:\/\/indd.adobe.com\/view\/a1a4c35d-3055-48ad-9fb7-25bfa3f375be\">\n\t\t\t\t\t<div class=\"e-gallery-image elementor-gallery-item__image\" data-thumbnail=\"https:\/\/www.corporate.rosner.de\/wp-content\/uploads\/sites\/6\/2025\/12\/2025-301-F_Rosner_A11_019.jpg\" data-width=\"1080\" data-height=\"1350\" aria-label=\"\" role=\"img\" ><\/div>\n\t\t\t\t\t\t\t\t\t\t\t<div class=\"elementor-gallery-item__overlay\"><\/div>\n\t\t\t\t\t\t\t\t\t\t\t\t\t\t<\/a>\n\t\t\t\t\t\t\t<a class=\"e-gallery-item elementor-gallery-item elementor-animated-content\" href=\"https:\/\/indd.adobe.com\/view\/a1a4c35d-3055-48ad-9fb7-25bfa3f375be\">\n\t\t\t\t\t<div class=\"e-gallery-image elementor-gallery-item__image\" data-thumbnail=\"https:\/\/www.corporate.rosner.de\/wp-content\/uploads\/sites\/6\/2025\/12\/2025-301-F_Rosner_A11_105.jpg\" data-width=\"1080\" data-height=\"1350\" aria-label=\"\" role=\"img\" ><\/div>\n\t\t\t\t\t\t\t\t\t\t\t<div class=\"elementor-gallery-item__overlay\"><\/div>\n\t\t\t\t\t\t\t\t\t\t\t\t\t\t<\/a>\n\t\t\t\t\t\t\t<a class=\"e-gallery-item elementor-gallery-item elementor-animated-content\" href=\"https:\/\/indd.adobe.com\/view\/a1a4c35d-3055-48ad-9fb7-25bfa3f375be\">\n\t\t\t\t\t<div class=\"e-gallery-image elementor-gallery-item__image\" data-thumbnail=\"https:\/\/www.corporate.rosner.de\/wp-content\/uploads\/sites\/6\/2025\/12\/2025-301-F_Rosner_A07_077.jpg\" data-width=\"1080\" data-height=\"1350\" aria-label=\"\" role=\"img\" ><\/div>\n\t\t\t\t\t\t\t\t\t\t\t<div class=\"elementor-gallery-item__overlay\"><\/div>\n\t\t\t\t\t\t\t\t\t\t\t\t\t\t<\/a>\n\t\t\t\t\t\t\t<a class=\"e-gallery-item elementor-gallery-item elementor-animated-content\" href=\"https:\/\/indd.adobe.com\/view\/a1a4c35d-3055-48ad-9fb7-25bfa3f375be\">\n\t\t\t\t\t<div class=\"e-gallery-image elementor-gallery-item__image\" data-thumbnail=\"https:\/\/www.corporate.rosner.de\/wp-content\/uploads\/sites\/6\/2025\/12\/2025-301-F_Rosner_A07_025.jpg\" data-width=\"1080\" data-height=\"1350\" aria-label=\"\" role=\"img\" ><\/div>\n\t\t\t\t\t\t\t\t\t\t\t<div class=\"elementor-gallery-item__overlay\"><\/div>\n\t\t\t\t\t\t\t\t\t\t\t\t\t\t<\/a>\n\t\t\t\t\t\t\t<a class=\"e-gallery-item elementor-gallery-item elementor-animated-content\" href=\"https:\/\/indd.adobe.com\/view\/a1a4c35d-3055-48ad-9fb7-25bfa3f375be\">\n\t\t\t\t\t<div class=\"e-gallery-image elementor-gallery-item__image\" data-thumbnail=\"https:\/\/www.corporate.rosner.de\/wp-content\/uploads\/sites\/6\/2025\/12\/2025-301-F_Rosner_A10_046.jpg\" data-width=\"1080\" data-height=\"1350\" aria-label=\"\" role=\"img\" ><\/div>\n\t\t\t\t\t\t\t\t\t\t\t<div class=\"elementor-gallery-item__overlay\"><\/div>\n\t\t\t\t\t\t\t\t\t\t\t\t\t\t<\/a>\n\t\t\t\t\t\t\t<a class=\"e-gallery-item elementor-gallery-item elementor-animated-content\" href=\"https:\/\/indd.adobe.com\/view\/a1a4c35d-3055-48ad-9fb7-25bfa3f375be\">\n\t\t\t\t\t<div class=\"e-gallery-image elementor-gallery-item__image\" data-thumbnail=\"https:\/\/www.corporate.rosner.de\/wp-content\/uploads\/sites\/6\/2025\/12\/2025-301-F_Rosner_A10_007.jpg\" data-width=\"1080\" data-height=\"1350\" aria-label=\"\" role=\"img\" ><\/div>\n\t\t\t\t\t\t\t\t\t\t\t<div class=\"elementor-gallery-item__overlay\"><\/div>\n\t\t\t\t\t\t\t\t\t\t\t\t\t\t<\/a>\n\t\t\t\t\t\t\t<a class=\"e-gallery-item elementor-gallery-item elementor-animated-content\" href=\"https:\/\/indd.adobe.com\/view\/a1a4c35d-3055-48ad-9fb7-25bfa3f375be\">\n\t\t\t\t\t<div class=\"e-gallery-image elementor-gallery-item__image\" data-thumbnail=\"https:\/\/www.corporate.rosner.de\/wp-content\/uploads\/sites\/6\/2025\/12\/2025-301-F_Rosner_A09_066.jpg\" data-width=\"1080\" data-height=\"1350\" aria-label=\"\" role=\"img\" ><\/div>\n\t\t\t\t\t\t\t\t\t\t\t<div class=\"elementor-gallery-item__overlay\"><\/div>\n\t\t\t\t\t\t\t\t\t\t\t\t\t\t<\/a>\n\t\t\t\t\t\t\t<a class=\"e-gallery-item elementor-gallery-item elementor-animated-content\" href=\"https:\/\/indd.adobe.com\/view\/a1a4c35d-3055-48ad-9fb7-25bfa3f375be\">\n\t\t\t\t\t<div class=\"e-gallery-image elementor-gallery-item__image\" data-thumbnail=\"https:\/\/www.corporate.rosner.de\/wp-content\/uploads\/sites\/6\/2025\/12\/2025-301-F_Rosner_A09_039.jpg\" data-width=\"1080\" data-height=\"1350\" aria-label=\"\" role=\"img\" ><\/div>\n\t\t\t\t\t\t\t\t\t\t\t<div class=\"elementor-gallery-item__overlay\"><\/div>\n\t\t\t\t\t\t\t\t\t\t\t\t\t\t<\/a>\n\t\t\t\t\t\t\t<a class=\"e-gallery-item elementor-gallery-item elementor-animated-content\" href=\"https:\/\/indd.adobe.com\/view\/a1a4c35d-3055-48ad-9fb7-25bfa3f375be\">\n\t\t\t\t\t<div class=\"e-gallery-image elementor-gallery-item__image\" data-thumbnail=\"https:\/\/www.corporate.rosner.de\/wp-content\/uploads\/sites\/6\/2025\/12\/2025-301-F_Rosner_A12_058.jpg\" data-width=\"1080\" data-height=\"1350\" aria-label=\"\" role=\"img\" ><\/div>\n\t\t\t\t\t\t\t\t\t\t\t<div class=\"elementor-gallery-item__overlay\"><\/div>\n\t\t\t\t\t\t\t\t\t\t\t\t\t\t<\/a>\n\t\t\t\t\t\t\t<a class=\"e-gallery-item elementor-gallery-item elementor-animated-content\" href=\"https:\/\/indd.adobe.com\/view\/a1a4c35d-3055-48ad-9fb7-25bfa3f375be\">\n\t\t\t\t\t<div class=\"e-gallery-image elementor-gallery-item__image\" data-thumbnail=\"https:\/\/www.corporate.rosner.de\/wp-content\/uploads\/sites\/6\/2025\/12\/2025-301-F_Rosner_A12_085.jpg\" data-width=\"1080\" data-height=\"1350\" aria-label=\"\" role=\"img\" ><\/div>\n\t\t\t\t\t\t\t\t\t\t\t<div class=\"elementor-gallery-item__overlay\"><\/div>\n\t\t\t\t\t\t\t\t\t\t\t\t\t\t<\/a>\n\t\t\t\t\t\t\t<a class=\"e-gallery-item elementor-gallery-item elementor-animated-content\" href=\"https:\/\/indd.adobe.com\/view\/a1a4c35d-3055-48ad-9fb7-25bfa3f375be\">\n\t\t\t\t\t<div class=\"e-gallery-image elementor-gallery-item__image\" data-thumbnail=\"https:\/\/www.corporate.rosner.de\/wp-content\/uploads\/sites\/6\/2025\/12\/2025-301-F_Rosner_A06_044.jpg\" data-width=\"1080\" data-height=\"1350\" aria-label=\"\" role=\"img\" ><\/div>\n\t\t\t\t\t\t\t\t\t\t\t<div class=\"elementor-gallery-item__overlay\"><\/div>\n\t\t\t\t\t\t\t\t\t\t\t\t\t\t<\/a>\n\t\t\t\t\t\t\t<a class=\"e-gallery-item elementor-gallery-item elementor-animated-content\" href=\"https:\/\/indd.adobe.com\/view\/a1a4c35d-3055-48ad-9fb7-25bfa3f375be\">\n\t\t\t\t\t<div class=\"e-gallery-image elementor-gallery-item__image\" data-thumbnail=\"https:\/\/www.corporate.rosner.de\/wp-content\/uploads\/sites\/6\/2025\/12\/2025-301-F_Rosner_A06_004.jpg\" data-width=\"1080\" data-height=\"1350\" aria-label=\"\" role=\"img\" ><\/div>\n\t\t\t\t\t\t\t\t\t\t\t<div class=\"elementor-gallery-item__overlay\"><\/div>\n\t\t\t\t\t\t\t\t\t\t\t\t\t\t<\/a>\n\t\t\t\t\t\t\t<a class=\"e-gallery-item elementor-gallery-item elementor-animated-content\" href=\"https:\/\/indd.adobe.com\/view\/a1a4c35d-3055-48ad-9fb7-25bfa3f375be\">\n\t\t\t\t\t<div class=\"e-gallery-image elementor-gallery-item__image\" data-thumbnail=\"https:\/\/www.corporate.rosner.de\/wp-content\/uploads\/sites\/6\/2025\/12\/2025-301-F_Roesner_A02_155.jpg\" data-width=\"1080\" data-height=\"1350\" aria-label=\"\" role=\"img\" ><\/div>\n\t\t\t\t\t\t\t\t\t\t\t<div class=\"elementor-gallery-item__overlay\"><\/div>\n\t\t\t\t\t\t\t\t\t\t\t\t\t\t<\/a>\n\t\t\t\t\t\t\t<a class=\"e-gallery-item elementor-gallery-item elementor-animated-content\" href=\"https:\/\/indd.adobe.com\/view\/a1a4c35d-3055-48ad-9fb7-25bfa3f375be\">\n\t\t\t\t\t<div class=\"e-gallery-image elementor-gallery-item__image\" data-thumbnail=\"https:\/\/www.corporate.rosner.de\/wp-content\/uploads\/sites\/6\/2025\/12\/2025-301-F_Rosner_A02_220.jpg\" data-width=\"1080\" data-height=\"1350\" aria-label=\"\" role=\"img\" ><\/div>\n\t\t\t\t\t\t\t\t\t\t\t<div class=\"elementor-gallery-item__overlay\"><\/div>\n\t\t\t\t\t\t\t\t\t\t\t\t\t\t<\/a>\n\t\t\t\t\t\t\t<a class=\"e-gallery-item elementor-gallery-item elementor-animated-content\" href=\"https:\/\/indd.adobe.com\/view\/a1a4c35d-3055-48ad-9fb7-25bfa3f375be\">\n\t\t\t\t\t<div class=\"e-gallery-image elementor-gallery-item__image\" data-thumbnail=\"https:\/\/www.corporate.rosner.de\/wp-content\/uploads\/sites\/6\/2025\/12\/2025-301-F_Rosner_A03_026.jpg\" data-width=\"1080\" data-height=\"1350\" aria-label=\"\" role=\"img\" ><\/div>\n\t\t\t\t\t\t\t\t\t\t\t<div class=\"elementor-gallery-item__overlay\"><\/div>\n\t\t\t\t\t\t\t\t\t\t\t\t\t\t<\/a>\n\t\t\t\t\t\t\t<a class=\"e-gallery-item elementor-gallery-item elementor-animated-content\" href=\"https:\/\/indd.adobe.com\/view\/a1a4c35d-3055-48ad-9fb7-25bfa3f375be\">\n\t\t\t\t\t<div class=\"e-gallery-image elementor-gallery-item__image\" data-thumbnail=\"https:\/\/www.corporate.rosner.de\/wp-content\/uploads\/sites\/6\/2025\/12\/2025-301-F_Roesner_A03_084.jpg\" data-width=\"1080\" data-height=\"1350\" aria-label=\"\" role=\"img\" ><\/div>\n\t\t\t\t\t\t\t\t\t\t\t<div class=\"elementor-gallery-item__overlay\"><\/div>\n\t\t\t\t\t\t\t\t\t\t\t\t\t\t<\/a>\n\t\t\t\t\t\t\t<a class=\"e-gallery-item elementor-gallery-item elementor-animated-content\" href=\"https:\/\/indd.adobe.com\/view\/a1a4c35d-3055-48ad-9fb7-25bfa3f375be\">\n\t\t\t\t\t<div class=\"e-gallery-image elementor-gallery-item__image\" data-thumbnail=\"https:\/\/www.corporate.rosner.de\/wp-content\/uploads\/sites\/6\/2025\/12\/2025-301-F_Rosner_A04_161.jpg\" data-width=\"1080\" data-height=\"1350\" aria-label=\"\" role=\"img\" ><\/div>\n\t\t\t\t\t\t\t\t\t\t\t<div class=\"elementor-gallery-item__overlay\"><\/div>\n\t\t\t\t\t\t\t\t\t\t\t\t\t\t<\/a>\n\t\t\t\t\t\t\t<a class=\"e-gallery-item elementor-gallery-item elementor-animated-content\" href=\"https:\/\/indd.adobe.com\/view\/a1a4c35d-3055-48ad-9fb7-25bfa3f375be\">\n\t\t\t\t\t<div class=\"e-gallery-image elementor-gallery-item__image\" data-thumbnail=\"https:\/\/www.corporate.rosner.de\/wp-content\/uploads\/sites\/6\/2025\/12\/2025-301-F_Rosner_A04_177.jpg\" data-width=\"1080\" data-height=\"1350\" aria-label=\"\" role=\"img\" ><\/div>\n\t\t\t\t\t\t\t\t\t\t\t<div class=\"elementor-gallery-item__overlay\"><\/div>\n\t\t\t\t\t\t\t\t\t\t\t\t\t\t<\/a>\n\t\t\t\t\t\t\t<a class=\"e-gallery-item elementor-gallery-item elementor-animated-content\" href=\"https:\/\/indd.adobe.com\/view\/a1a4c35d-3055-48ad-9fb7-25bfa3f375be\">\n\t\t\t\t\t<div class=\"e-gallery-image elementor-gallery-item__image\" data-thumbnail=\"https:\/\/www.corporate.rosner.de\/wp-content\/uploads\/sites\/6\/2025\/12\/2025-301-F_Roesner_A01_059.jpg\" data-width=\"1080\" data-height=\"1350\" aria-label=\"\" role=\"img\" ><\/div>\n\t\t\t\t\t\t\t\t\t\t\t<div class=\"elementor-gallery-item__overlay\"><\/div>\n\t\t\t\t\t\t\t\t\t\t\t\t\t\t<\/a>\n\t\t\t\t\t\t\t<a class=\"e-gallery-item elementor-gallery-item elementor-animated-content\" href=\"https:\/\/indd.adobe.com\/view\/a1a4c35d-3055-48ad-9fb7-25bfa3f375be\">\n\t\t\t\t\t<div class=\"e-gallery-image elementor-gallery-item__image\" data-thumbnail=\"https:\/\/www.corporate.rosner.de\/wp-content\/uploads\/sites\/6\/2025\/12\/2025-301-F_Rosner_A01_129.jpg\" data-width=\"1080\" data-height=\"1350\" aria-label=\"\" role=\"img\" ><\/div>\n\t\t\t\t\t\t\t\t\t\t\t<div class=\"elementor-gallery-item__overlay\"><\/div>\n\t\t\t\t\t\t\t\t\t\t\t\t\t\t<\/a>\n\t\t\t\t\t\t\t<a class=\"e-gallery-item elementor-gallery-item elementor-animated-content\" href=\"https:\/\/indd.adobe.com\/view\/a1a4c35d-3055-48ad-9fb7-25bfa3f375be\">\n\t\t\t\t\t<div class=\"e-gallery-image elementor-gallery-item__image\" data-thumbnail=\"https:\/\/www.corporate.rosner.de\/wp-content\/uploads\/sites\/6\/2025\/12\/2025-301-F_Rosner_A08_042.jpg\" data-width=\"1080\" data-height=\"1350\" aria-label=\"\" role=\"img\" ><\/div>\n\t\t\t\t\t\t\t\t\t\t\t<div class=\"elementor-gallery-item__overlay\"><\/div>\n\t\t\t\t\t\t\t\t\t\t\t\t\t\t<\/a>\n\t\t\t\t\t\t\t<a class=\"e-gallery-item elementor-gallery-item elementor-animated-content\" href=\"https:\/\/indd.adobe.com\/view\/a1a4c35d-3055-48ad-9fb7-25bfa3f375be\">\n\t\t\t\t\t<div class=\"e-gallery-image elementor-gallery-item__image\" data-thumbnail=\"https:\/\/www.corporate.rosner.de\/wp-content\/uploads\/sites\/6\/2025\/12\/2025-301-F_Rosner_A08_077.jpg\" data-width=\"1080\" data-height=\"1350\" aria-label=\"\" role=\"img\" ><\/div>\n\t\t\t\t\t\t\t\t\t\t\t<div class=\"elementor-gallery-item__overlay\"><\/div>\n\t\t\t\t\t\t\t\t\t\t\t\t\t\t<\/a>\n\t\t\t\t\t\t\t<a class=\"e-gallery-item elementor-gallery-item elementor-animated-content\" href=\"https:\/\/indd.adobe.com\/view\/a1a4c35d-3055-48ad-9fb7-25bfa3f375be\">\n\t\t\t\t\t<div class=\"e-gallery-image elementor-gallery-item__image\" data-thumbnail=\"https:\/\/www.corporate.rosner.de\/wp-content\/uploads\/sites\/6\/2025\/12\/2025-301-F_Rosner_A05_205.jpg\" data-width=\"1080\" data-height=\"1350\" aria-label=\"\" role=\"img\" ><\/div>\n\t\t\t\t\t\t\t\t\t\t\t<div class=\"elementor-gallery-item__overlay\"><\/div>\n\t\t\t\t\t\t\t\t\t\t\t\t\t\t<\/a>\n\t\t\t\t\t\t\t<a class=\"e-gallery-item elementor-gallery-item elementor-animated-content\" href=\"https:\/\/indd.adobe.com\/view\/a1a4c35d-3055-48ad-9fb7-25bfa3f375be\">\n\t\t\t\t\t<div class=\"e-gallery-image elementor-gallery-item__image\" data-thumbnail=\"https:\/\/www.corporate.rosner.de\/wp-content\/uploads\/sites\/6\/2025\/12\/2025-301-F_Rosner_A05_188.jpg\" data-width=\"1080\" data-height=\"1350\" aria-label=\"\" role=\"img\" ><\/div>\n\t\t\t\t\t\t\t\t\t\t\t<div class=\"elementor-gallery-item__overlay\"><\/div>\n\t\t\t\t\t\t\t\t\t\t\t\t\t\t<\/a>\n\t\t\t\t\t<\/div>\n\t\t\t\t\t<\/div>\n\t\t\t\t<\/div>\n\t\t\t\t\t<\/div>\n\t\t<\/div>\n\t\t\t\t\t<\/div>\n\t\t<\/section>\n\t\t\t\t<section class=\"elementor-section elementor-top-section elementor-element elementor-element-ae42fe5 elementor-section-boxed elementor-section-height-default elementor-section-height-default\" data-id=\"ae42fe5\" data-element_type=\"section\" data-e-type=\"section\">\n\t\t\t\t\t\t<div class=\"elementor-container elementor-column-gap-default\">\n\t\t\t\t\t<div class=\"elementor-column elementor-col-100 elementor-top-column elementor-element elementor-element-7bc2641\" data-id=\"7bc2641\" data-element_type=\"column\" data-e-type=\"column\">\n\t\t\t<div class=\"elementor-widget-wrap elementor-element-populated\">\n\t\t\t\t\t\t<div class=\"elementor-element elementor-element-7ed89c4 elementor-widget-divider--view-line elementor-widget elementor-widget-divider\" data-id=\"7ed89c4\" data-element_type=\"widget\" data-e-type=\"widget\" data-widget_type=\"divider.default\">\n\t\t\t\t<div class=\"elementor-widget-container\">\n\t\t\t\t\t\t\t<div class=\"elementor-divider\">\n\t\t\t<span class=\"elementor-divider-separator\">\n\t\t\t\t\t\t<\/span>\n\t\t<\/div>\n\t\t\t\t\t\t<\/div>\n\t\t\t\t<\/div>\n\t\t\t\t\t<\/div>\n\t\t<\/div>\n\t\t\t\t\t<\/div>\n\t\t<\/section>\n\t\t\t\t<section class=\"elementor-section elementor-top-section elementor-element elementor-element-5aa1d13 elementor-section-boxed elementor-section-height-default elementor-section-height-default\" data-id=\"5aa1d13\" data-element_type=\"section\" data-e-type=\"section\">\n\t\t\t\t\t\t<div class=\"elementor-container elementor-column-gap-default\">\n\t\t\t\t\t<div class=\"elementor-column elementor-col-33 elementor-top-column elementor-element elementor-element-dd75451\" data-id=\"dd75451\" data-element_type=\"column\" data-e-type=\"column\">\n\t\t\t<div class=\"elementor-widget-wrap\">\n\t\t\t\t\t\t\t<\/div>\n\t\t<\/div>\n\t\t\t\t<div class=\"elementor-column elementor-col-33 elementor-top-column elementor-element elementor-element-704c2ce\" data-id=\"704c2ce\" data-element_type=\"column\" data-e-type=\"column\">\n\t\t\t<div class=\"elementor-widget-wrap elementor-element-populated\">\n\t\t\t\t\t\t<div class=\"elementor-element elementor-element-5c84503 elementor-widget elementor-widget-image\" data-id=\"5c84503\" data-element_type=\"widget\" data-e-type=\"widget\" data-widget_type=\"image.default\">\n\t\t\t\t<div class=\"elementor-widget-container\">\n\t\t\t\t\t\t\t\t\t\t\t\t\t\t\t\t<a href=\"https:\/\/youtu.be\/xle7X7J6hQc\" target=\"_blank\">\n\t\t\t\t\t\t\t<img decoding=\"async\" width=\"450\" height=\"253\" src=\"https:\/\/www.corporate.rosner.de\/wp-content\/uploads\/sites\/6\/2025\/12\/video_bild-1.png\" class=\"attachment-full size-full wp-image-8879\" alt=\"\" srcset=\"https:\/\/www.corporate.rosner.de\/wp-content\/uploads\/sites\/6\/2025\/12\/video_bild-1.png 450w, https:\/\/www.corporate.rosner.de\/wp-content\/uploads\/sites\/6\/2025\/12\/video_bild-1-300x169.png 300w, https:\/\/www.corporate.rosner.de\/wp-content\/uploads\/sites\/6\/2025\/12\/video_bild-1-18x10.png 18w\" sizes=\"(max-width: 450px) 100vw, 450px\" \/>\t\t\t\t\t\t\t\t<\/a>\n\t\t\t\t\t\t\t\t\t\t\t\t\t\t\t<\/div>\n\t\t\t\t<\/div>\n\t\t\t\t\t<\/div>\n\t\t<\/div>\n\t\t\t\t<div class=\"elementor-column elementor-col-33 elementor-top-column elementor-element elementor-element-db6e295\" data-id=\"db6e295\" data-element_type=\"column\" data-e-type=\"column\">\n\t\t\t<div class=\"elementor-widget-wrap\">\n\t\t\t\t\t\t\t<\/div>\n\t\t<\/div>\n\t\t\t\t\t<\/div>\n\t\t<\/section>\n\t\t\t\t<\/div>\n\t\t","protected":false},"excerpt":{"rendered":"<p>BRITISH NEW COOLNESS MODERN &#8211; GELASSEN &#8211; KULTIVIERT &#8211; UNERWARTET FRISCH So interpretiert ROSNER STUDIO die britische Coolness neu. British New Coolness steht f\u00fcr eine zeitgem\u00e4\u00dfe Eleganz, die das Traditionelle respektiert und doch konsequent weiterdenkt. Die Kollektion verbindet klassische Tailoring-Einfl\u00fcsse aus London und Edinburgh mit einer neuen, l\u00e4ssigen Modernit\u00e4t, die den Spirit urbaner Subkultur mit [&hellip;]<\/p>\n","protected":false},"author":1,"featured_media":0,"parent":0,"menu_order":0,"comment_status":"closed","ping_status":"closed","template":"","meta":{"footnotes":""},"class_list":["post-498","page","type-page","status-publish","hentry"],"_links":{"self":[{"href":"https:\/\/www.corporate.rosner.de\/de\/wp-json\/wp\/v2\/pages\/498"}],"collection":[{"href":"https:\/\/www.corporate.rosner.de\/de\/wp-json\/wp\/v2\/pages"}],"about":[{"href":"https:\/\/www.corporate.rosner.de\/de\/wp-json\/wp\/v2\/types\/page"}],"author":[{"embeddable":true,"href":"https:\/\/www.corporate.rosner.de\/de\/wp-json\/wp\/v2\/users\/1"}],"replies":[{"embeddable":true,"href":"https:\/\/www.corporate.rosner.de\/de\/wp-json\/wp\/v2\/comments?post=498"}],"version-history":[{"count":448,"href":"https:\/\/www.corporate.rosner.de\/de\/wp-json\/wp\/v2\/pages\/498\/revisions"}],"predecessor-version":[{"id":8883,"href":"https:\/\/www.corporate.rosner.de\/de\/wp-json\/wp\/v2\/pages\/498\/revisions\/8883"}],"wp:attachment":[{"href":"https:\/\/www.corporate.rosner.de\/de\/wp-json\/wp\/v2\/media?parent=498"}],"curies":[{"name":"wp","href":"https:\/\/api.w.org\/{rel}","templated":true}]}}