{"id":173,"date":"2022-10-14T13:58:50","date_gmt":"2022-10-14T11:58:50","guid":{"rendered":"https:\/\/www.corporate.rosner.de\/?page_id=173"},"modified":"2024-10-25T08:50:36","modified_gmt":"2024-10-25T06:50:36","slug":"impressum","status":"publish","type":"page","link":"https:\/\/www.corporate.rosner.de\/en\/impressum\/","title":{"rendered":"Imprint"},"content":{"rendered":"<div data-elementor-type=\"wp-page\" data-elementor-id=\"173\" class=\"elementor elementor-173\" data-elementor-post-type=\"page\">\n\t\t\t\t\t\t<section class=\"elementor-section elementor-top-section elementor-element elementor-element-b02248d elementor-section-boxed elementor-section-height-default elementor-section-height-default\" data-id=\"b02248d\" data-element_type=\"section\" data-e-type=\"section\">\n\t\t\t\t\t\t<div class=\"elementor-container elementor-column-gap-default\">\n\t\t\t\t\t<div class=\"elementor-column elementor-col-100 elementor-top-column elementor-element elementor-element-2a4fa2b\" data-id=\"2a4fa2b\" data-element_type=\"column\" data-e-type=\"column\">\n\t\t\t<div class=\"elementor-widget-wrap elementor-element-populated\">\n\t\t\t\t\t\t<div class=\"elementor-element elementor-element-e8e468e elementor-widget elementor-widget-text-editor\" data-id=\"e8e468e\" data-element_type=\"widget\" data-e-type=\"widget\" data-widget_type=\"text-editor.default\">\n\t\t\t\t<div class=\"elementor-widget-container\">\n\t\t\t\t\t\t\t\t\t<h1 class=\"elementor-heading-title elementor-size-default elementor-inline-editing pen\" data-elementor-setting-key=\"title\" data-pen-placeholder=\"Type Here...\">Imprint<\/h1>\t\t\t\t\t\t\t\t<\/div>\n\t\t\t\t<\/div>\n\t\t\t\t\t<\/div>\n\t\t<\/div>\n\t\t\t\t\t<\/div>\n\t\t<\/section>\n\t\t\t\t<section class=\"elementor-section elementor-top-section elementor-element elementor-element-18097e9 elementor-section-boxed elementor-section-height-default elementor-section-height-default\" data-id=\"18097e9\" data-element_type=\"section\" data-e-type=\"section\">\n\t\t\t\t\t\t<div class=\"elementor-container elementor-column-gap-default\">\n\t\t\t\t\t<div class=\"elementor-column elementor-col-100 elementor-top-column elementor-element elementor-element-31ae504\" data-id=\"31ae504\" data-element_type=\"column\" data-e-type=\"column\">\n\t\t\t<div class=\"elementor-widget-wrap elementor-element-populated\">\n\t\t\t\t\t\t<div class=\"elementor-element elementor-element-75aa74b elementor-widget elementor-widget-text-editor\" data-id=\"75aa74b\" data-element_type=\"widget\" data-e-type=\"widget\" data-widget_type=\"text-editor.default\">\n\t\t\t\t<div class=\"elementor-widget-container\">\n\t\t\t\t\t\t\t\t\t<p>ROSNER Avantgarde Mode GmbH<br \/>Konrad-Ott-Str.1<br \/>91301 Forchheim<br \/>Commercial register entry: District court Bamberg\nRegister number: HRB 6419<\/p><p>Value added tax identification number in accordance with \u00a7 27a UStG: DE 815 440 545<br \/>Contact<br \/>phone: +49 (0) 91 91 \/ 83 399<br \/>E-Mail: info@rosner.de<\/p><p>We do not participate in dispute resolution proceedings before a consumer arbitration board.<\/p><p>Liability for content<\/p><p>Die Inhalte unserer Seiten wurden mit gr\u00f6\u00dfter Sorgfalt erstellt. F\u00fcr die Richtigkeit, Vollst\u00e4ndigkeit und Aktualit\u00e4t der Inhalte k\u00f6nnen wir jedoch keine Gew\u00e4hr \u00fcbernehmen. Als Diensteanbieter sind wir f\u00fcr eigene Inhalte auf diesen Seiten nach den allgemeinen Gesetzen verantwortlich. Als Diensteanbieter sind wir jedoch nicht verpflichtet, \u00fcbermittelte oder gespeicherte fremde Informationen zu \u00fcberwachen oder nach Umst\u00e4nden zu forschen, die auf eine rechtswidrige T\u00e4tigkeit hinweisen. Verpflichtungen zur Entfernung oder Sperrung der Nutzung von Informationen nach den allgemeinen Gesetzen bleiben hiervon unber\u00fchrt. Eine diesbez\u00fcgliche Haftung ist jedoch erst ab dem Zeitpunkt der Kenntnis einer konkreten Rechtsverletzung m\u00f6glich. Bei Bekanntwerden von entsprechenden Rechtsverletzungen werden wir diese Inhalte umgehend entfernen.<\/p><p>Liability for links<\/p><p>Our site contains links to external third party websites over whose contents we have no influence. As such, we cannot assume any liability for this external content. The respective provider or operator of the linked pages is always responsible for the contents of the pages. The linked pages were checked for possible legal infringements at the time of linking. Illegal contents were not recognised at the time of linking. Permanent monitoring of the content of the linked pages, however, is unreasonable without concrete evidence of a legal violation. As soon as we become aware of such violations of the law, we will remove any such links immediately.<\/p><p>Copyright<\/p><p>The content and works created by the site operators on these pages are subject to German copyright law. Duplication, processing, distribution and any kind of exploitation outside the limits of copyright law require the written consent of the respective author or creator. Downloads and copies of this site are only permitted for private, non-commercial use. Insofar as the content on this site was not created by the operator, the copyrights of third parties are respected. In particular, third-party content is marked as such. Should you nevertheless become aware of a copyright infringement, please inform us accordingly. If we become aware of any infringements, we will remove such content immediately.<\/p>\t\t\t\t\t\t\t\t<\/div>\n\t\t\t\t<\/div>\n\t\t\t\t\t<\/div>\n\t\t<\/div>\n\t\t\t\t\t<\/div>\n\t\t<\/section>\n\t\t\t\t<\/div>","protected":false},"excerpt":{"rendered":"<p>Impressum\u200b ROSNER Avantgarde Mode GmbHKonrad-Ott-Str.191301 ForchheimRegistergericht Bamberg: HRB 6419 USt-ID Nr. 815440545KontaktTel: +49 (0) 91 91 \/ 83 399E-Mail: info@rosner.de Wir nehmen nicht an einem Streitbeilegungsverfahren vor einer Verbraucherschlichtungsstelle teil. Haftung f\u00fcr Inhalte Die Inhalte unserer Seiten wurden mit gr\u00f6\u00dfter Sorgfalt erstellt. F\u00fcr die Richtigkeit, Vollst\u00e4ndigkeit und Aktualit\u00e4t der Inhalte k\u00f6nnen wir jedoch keine Gew\u00e4hr [&hellip;]<\/p>\n","protected":false},"author":1,"featured_media":0,"parent":0,"menu_order":0,"comment_status":"closed","ping_status":"closed","template":"","meta":{"footnotes":""},"class_list":["post-173","page","type-page","status-publish","hentry"],"_links":{"self":[{"href":"https:\/\/www.corporate.rosner.de\/en\/wp-json\/wp\/v2\/pages\/173"}],"collection":[{"href":"https:\/\/www.corporate.rosner.de\/en\/wp-json\/wp\/v2\/pages"}],"about":[{"href":"https:\/\/www.corporate.rosner.de\/en\/wp-json\/wp\/v2\/types\/page"}],"author":[{"embeddable":true,"href":"https:\/\/www.corporate.rosner.de\/en\/wp-json\/wp\/v2\/users\/1"}],"replies":[{"embeddable":true,"href":"https:\/\/www.corporate.rosner.de\/en\/wp-json\/wp\/v2\/comments?post=173"}],"version-history":[{"count":32,"href":"https:\/\/www.corporate.rosner.de\/en\/wp-json\/wp\/v2\/pages\/173\/revisions"}],"predecessor-version":[{"id":8893,"href":"https:\/\/www.corporate.rosner.de\/en\/wp-json\/wp\/v2\/pages\/173\/revisions\/8893"}],"wp:attachment":[{"href":"https:\/\/www.corporate.rosner.de\/en\/wp-json\/wp\/v2\/media?parent=173"}],"curies":[{"name":"wp","href":"https:\/\/api.w.org\/{rel}","templated":true}]}}