{"id":2067,"date":"2022-10-27T10:04:39","date_gmt":"2022-10-27T08:04:39","guid":{"rendered":"https:\/\/www.corporate.rosner.de\/?page_id=2067"},"modified":"2026-03-09T12:06:43","modified_gmt":"2026-03-09T11:06:43","slug":"startseite-221027a","status":"publish","type":"page","link":"https:\/\/www.corporate.rosner.de\/en","title":{"rendered":"Startseite"},"content":{"rendered":"<div data-elementor-type=\"wp-page\" data-elementor-id=\"2067\" class=\"elementor elementor-2067\" data-elementor-post-type=\"page\">\n\t\t\t\t\t\t<section class=\"elementor-section elementor-top-section elementor-element elementor-element-85fb40c elementor-section-full_width elementor-section-height-default elementor-section-height-default\" data-id=\"85fb40c\" data-element_type=\"section\" data-e-type=\"section\">\n\t\t\t\t\t\t<div class=\"elementor-container elementor-column-gap-default\">\n\t\t\t\t\t<div class=\"elementor-column elementor-col-100 elementor-top-column elementor-element elementor-element-aa0e520\" data-id=\"aa0e520\" data-element_type=\"column\" data-e-type=\"column\">\n\t\t\t<div class=\"elementor-widget-wrap elementor-element-populated\">\n\t\t\t\t\t\t<div class=\"elementor-element elementor-element-56ad52f elementor-widget elementor-widget-image\" data-id=\"56ad52f\" data-element_type=\"widget\" data-e-type=\"widget\" data-widget_type=\"image.default\">\n\t\t\t\t<div class=\"elementor-widget-container\">\n\t\t\t\t\t\t\t\t\t\t\t\t\t\t\t\t<a href=\"https:\/\/youtu.be\/vBQZjhJfeiU\" target=\"_blank\">\n\t\t\t\t\t\t\t<img fetchpriority=\"high\" decoding=\"async\" width=\"1928\" height=\"753\" src=\"https:\/\/www.corporate.rosner.de\/wp-content\/uploads\/sites\/6\/2026\/03\/1928xx_titel_rosnerstudio_fs26.jpg\" class=\"attachment-full size-full wp-image-8904\" alt=\"ROSNER_FS26\" srcset=\"https:\/\/www.corporate.rosner.de\/wp-content\/uploads\/sites\/6\/2026\/03\/1928xx_titel_rosnerstudio_fs26.jpg 1928w, https:\/\/www.corporate.rosner.de\/wp-content\/uploads\/sites\/6\/2026\/03\/1928xx_titel_rosnerstudio_fs26-300x117.jpg 300w, https:\/\/www.corporate.rosner.de\/wp-content\/uploads\/sites\/6\/2026\/03\/1928xx_titel_rosnerstudio_fs26-1024x400.jpg 1024w, https:\/\/www.corporate.rosner.de\/wp-content\/uploads\/sites\/6\/2026\/03\/1928xx_titel_rosnerstudio_fs26-768x300.jpg 768w, https:\/\/www.corporate.rosner.de\/wp-content\/uploads\/sites\/6\/2026\/03\/1928xx_titel_rosnerstudio_fs26-1536x600.jpg 1536w, https:\/\/www.corporate.rosner.de\/wp-content\/uploads\/sites\/6\/2026\/03\/1928xx_titel_rosnerstudio_fs26-18x7.jpg 18w\" sizes=\"(max-width: 1928px) 100vw, 1928px\" \/>\t\t\t\t\t\t\t\t<\/a>\n\t\t\t\t\t\t\t\t\t\t\t\t\t\t\t<\/div>\n\t\t\t\t<\/div>\n\t\t\t\t\t<\/div>\n\t\t<\/div>\n\t\t\t\t\t<\/div>\n\t\t<\/section>\n\t\t\t\t<section class=\"elementor-section elementor-top-section elementor-element elementor-element-c28e759 elementor-section-boxed elementor-section-height-default elementor-section-height-default\" data-id=\"c28e759\" data-element_type=\"section\" data-e-type=\"section\">\n\t\t\t\t\t\t<div class=\"elementor-container elementor-column-gap-default\">\n\t\t\t\t\t<div class=\"elementor-column elementor-col-100 elementor-top-column elementor-element elementor-element-5dec82f\" data-id=\"5dec82f\" data-element_type=\"column\" data-e-type=\"column\">\n\t\t\t<div class=\"elementor-widget-wrap elementor-element-populated\">\n\t\t\t\t\t<div class=\"elementor-background-overlay\"><\/div>\n\t\t\t\t\t\t<div class=\"elementor-element elementor-element-420c030 elementor-widget elementor-widget-spacer\" data-id=\"420c030\" data-element_type=\"widget\" data-e-type=\"widget\" data-widget_type=\"spacer.default\">\n\t\t\t\t<div class=\"elementor-widget-container\">\n\t\t\t\t\t\t\t<div class=\"elementor-spacer\">\n\t\t\t<div class=\"elementor-spacer-inner\"><\/div>\n\t\t<\/div>\n\t\t\t\t\t\t<\/div>\n\t\t\t\t<\/div>\n\t\t\t\t\t<\/div>\n\t\t<\/div>\n\t\t\t\t\t<\/div>\n\t\t<\/section>\n\t\t\t\t<section class=\"elementor-section elementor-top-section elementor-element elementor-element-3c24113 elementor-section-boxed elementor-section-height-default elementor-section-height-default\" data-id=\"3c24113\" data-element_type=\"section\" data-e-type=\"section\">\n\t\t\t\t\t\t<div class=\"elementor-container elementor-column-gap-default\">\n\t\t\t\t\t<div class=\"elementor-column elementor-col-33 elementor-top-column elementor-element elementor-element-bd188c6\" data-id=\"bd188c6\" data-element_type=\"column\" data-e-type=\"column\">\n\t\t\t<div class=\"elementor-widget-wrap elementor-element-populated\">\n\t\t\t\t\t\t<div class=\"elementor-element elementor-element-bdb2ea7 elementor-widget elementor-widget-image\" data-id=\"bdb2ea7\" data-element_type=\"widget\" data-e-type=\"widget\" data-widget_type=\"image.default\">\n\t\t\t\t<div class=\"elementor-widget-container\">\n\t\t\t\t\t\t\t\t\t\t\t\t\t\t\t<img decoding=\"async\" src=\"https:\/\/www.corporate.rosner.de\/wp-content\/uploads\/sites\/6\/2026\/03\/fs26.jpg\" title=\"fs26\" alt=\"fs26\" loading=\"lazy\" \/>\t\t\t\t\t\t\t\t\t\t\t\t\t\t\t<\/div>\n\t\t\t\t<\/div>\n\t\t\t\t\t<\/div>\n\t\t<\/div>\n\t\t\t\t<div class=\"elementor-column elementor-col-33 elementor-top-column elementor-element elementor-element-f795fba\" data-id=\"f795fba\" data-element_type=\"column\" data-e-type=\"column\">\n\t\t\t<div class=\"elementor-widget-wrap\">\n\t\t\t\t\t\t\t<\/div>\n\t\t<\/div>\n\t\t\t\t<div class=\"elementor-column elementor-col-33 elementor-top-column elementor-element elementor-element-79353af\" data-id=\"79353af\" data-element_type=\"column\" data-e-type=\"column\">\n\t\t\t<div class=\"elementor-widget-wrap elementor-element-populated\">\n\t\t\t\t\t\t<div class=\"elementor-element elementor-element-75870b6 elementor-widget__width-initial elementor-widget elementor-widget-text-editor\" data-id=\"75870b6\" data-element_type=\"widget\" data-e-type=\"widget\" data-widget_type=\"text-editor.default\">\n\t\t\t\t<div class=\"elementor-widget-container\">\n\t\t\t\t\t\t\t\t\t<p><strong>HERITAGE<\/strong><\/p><p>Founded in 1967 by Rudolf Rosner, the label developed over decades into an internationally renowned trouser brand with great appeal.<\/p><p><strong>BRAND<\/strong><\/p><p>ROSNER STUDIO verbindet modernste Trends, innovative Schnitte, hochwertige Materialien und eine klare Design-Handschrift zu einer Symbiose aus Stilbewusstsein und Komfort.\u00a0Der Anspruch an Modernit\u00e4t ist stets hoch &#8211; die Marke ist f\u00fcr den Handel zugleich gut verk\u00e4uflich.<\/p><p><strong>VALUES<\/strong><\/p><p>The fashion industry thrives on change - trends, colours, silhouettes and looks are subject to constant change.<\/p><p>Umso wichtiger sind qualitativ hochwertige Produkte, die Trends offerieren, Stilsicherheit und Kombinationsfreude pr\u00e4sentieren und so zu langlebigen und vielseitigen Lieblingsteilen werden. Hierzu bietet ROSNER\u00a0STUDIO mit jeder Kollektion viele M\u00f6glichkeiten.<\/p><p><strong>RESPONSIBILITY<\/strong><\/p><p>ROSNER STUDIO  lives in awareness of its responsibility for its employees, trade partners, producers and its customers, whose desires and needs are always kept in mind.<\/p>\t\t\t\t\t\t\t\t<\/div>\n\t\t\t\t<\/div>\n\t\t\t\t\t<\/div>\n\t\t<\/div>\n\t\t\t\t\t<\/div>\n\t\t<\/section>\n\t\t\t\t<section class=\"elementor-section elementor-top-section elementor-element elementor-element-b76df30 elementor-section-boxed elementor-section-height-default elementor-section-height-default\" data-id=\"b76df30\" data-element_type=\"section\" data-e-type=\"section\">\n\t\t\t\t\t\t<div class=\"elementor-container elementor-column-gap-default\">\n\t\t\t\t\t<div class=\"elementor-column elementor-col-33 elementor-top-column elementor-element elementor-element-38c3389\" data-id=\"38c3389\" data-element_type=\"column\" data-e-type=\"column\">\n\t\t\t<div class=\"elementor-widget-wrap elementor-element-populated\">\n\t\t\t\t\t\t<div class=\"elementor-element elementor-element-85feb41 elementor-widget elementor-widget-image\" data-id=\"85feb41\" data-element_type=\"widget\" data-e-type=\"widget\" data-widget_type=\"image.default\">\n\t\t\t\t<div class=\"elementor-widget-container\">\n\t\t\t\t\t\t\t\t\t\t\t\t\t\t\t<img decoding=\"async\" src=\"https:\/\/www.corporate.rosner.de\/wp-content\/uploads\/sites\/6\/2025\/09\/passform.jpg\" title=\"passform\" alt=\"passform\" loading=\"lazy\" \/>\t\t\t\t\t\t\t\t\t\t\t\t\t\t\t<\/div>\n\t\t\t\t<\/div>\n\t\t\t\t\t<\/div>\n\t\t<\/div>\n\t\t\t\t<div class=\"elementor-column elementor-col-33 elementor-top-column elementor-element elementor-element-0224717\" data-id=\"0224717\" data-element_type=\"column\" data-e-type=\"column\">\n\t\t\t<div class=\"elementor-widget-wrap\">\n\t\t\t\t\t\t\t<\/div>\n\t\t<\/div>\n\t\t\t\t<div class=\"elementor-column elementor-col-33 elementor-top-column elementor-element elementor-element-b4e4326\" data-id=\"b4e4326\" data-element_type=\"column\" data-e-type=\"column\">\n\t\t\t<div class=\"elementor-widget-wrap elementor-element-populated\">\n\t\t\t\t\t\t<div class=\"elementor-element elementor-element-c6681ce elementor-widget__width-initial elementor-widget elementor-widget-text-editor\" data-id=\"c6681ce\" data-element_type=\"widget\" data-e-type=\"widget\" data-widget_type=\"text-editor.default\">\n\t\t\t\t<div class=\"elementor-widget-container\">\n\t\t\t\t\t\t\t\t\t<h3 class=\"p1\" style=\"color: #7a7a7a;text-align: left\"><strong>Fits are the life of shapes<\/strong><\/h3><p class=\"p3\" style=\"text-align: left\">The fit of <strong>ROSNER STUDIO<\/strong> The fit of ROSNER STUDIO trousers has been perfected by\ndecades of expertise.\n\nThe design is in tune with the times\nor one step ahead.\u00a0<\/p><p class=\"p3\" style=\"text-align: left\">The perfect fit is achieved through sophisticated cutting techniques at the waist, stomach, bottom, and thighs of the pants. Casualness and style are reflected in various leg styles such as bootcut, wide leg, mom fit, and many others. This symbiosis, presented in high-quality fabrics and contemporary casualness, is the irresistible DNA of ROSNER STUDIO.<\/p><p class=\"p3\" style=\"text-align: left\"><a href=\"https:\/\/www.corporate.rosner.de\/en\/trends-fits\/\">more\u2013&gt;<\/a><\/p>\t\t\t\t\t\t\t\t<\/div>\n\t\t\t\t<\/div>\n\t\t\t\t\t<\/div>\n\t\t<\/div>\n\t\t\t\t\t<\/div>\n\t\t<\/section>\n\t\t\t\t<section class=\"elementor-section elementor-top-section elementor-element elementor-element-b439cfd elementor-section-boxed elementor-section-height-default elementor-section-height-default\" data-id=\"b439cfd\" data-element_type=\"section\" data-e-type=\"section\">\n\t\t\t\t\t\t<div class=\"elementor-container elementor-column-gap-default\">\n\t\t\t\t\t<div class=\"elementor-column elementor-col-100 elementor-top-column elementor-element elementor-element-0238e38\" data-id=\"0238e38\" data-element_type=\"column\" data-e-type=\"column\">\n\t\t\t<div class=\"elementor-widget-wrap elementor-element-populated\">\n\t\t\t\t\t\t<div class=\"elementor-element elementor-element-eb4bbd2 elementor-widget-divider--view-line elementor-widget elementor-widget-divider\" data-id=\"eb4bbd2\" data-element_type=\"widget\" data-e-type=\"widget\" data-widget_type=\"divider.default\">\n\t\t\t\t<div class=\"elementor-widget-container\">\n\t\t\t\t\t\t\t<div class=\"elementor-divider\">\n\t\t\t<span class=\"elementor-divider-separator\">\n\t\t\t\t\t\t<\/span>\n\t\t<\/div>\n\t\t\t\t\t\t<\/div>\n\t\t\t\t<\/div>\n\t\t\t\t<div class=\"elementor-element elementor-element-7838899 elementor-widget elementor-widget-text-editor\" data-id=\"7838899\" data-element_type=\"widget\" data-e-type=\"widget\" data-widget_type=\"text-editor.default\">\n\t\t\t\t<div class=\"elementor-widget-container\">\n\t\t\t\t\t\t\t\t\t<h3 class=\"p1\" style=\"text-align: center\"><strong>ROSNER<span class=\"Apple-converted-space\">\u00a0<\/span><\/strong><\/h3><p class=\"p3\" style=\"text-align: center\">Ask us personally where your nearest retailer is located. We will be happy to provide you with information at<\/p><p class=\"p3\" style=\"text-align: center\"><strong>phone +49 9191 83 299<\/strong><\/p>\t\t\t\t\t\t\t\t<\/div>\n\t\t\t\t<\/div>\n\t\t\t\t\t<\/div>\n\t\t<\/div>\n\t\t\t\t\t<\/div>\n\t\t<\/section>\n\t\t\t\t<\/div>","protected":false},"excerpt":{"rendered":"<p>HERITAGE 1967 von Rudolf Rosner gegr\u00fcndet, entwickelt sich das Label \u00fcber Jahrzehnte zur international bekannten Hosenmarke mit gro\u00dfer Strahlkraft. MARKE ROSNER STUDIO verbindet modernste Trends, innovative Schnitte, hochwertige Materialien und eine klare Design-Handschrift zu einer Symbiose aus Stilbewusstsein und Komfort.\u00a0Der Anspruch an Modernit\u00e4t ist stets hoch &#8211; die Marke ist f\u00fcr den Handel zugleich gut [&hellip;]<\/p>\n","protected":false},"author":1,"featured_media":0,"parent":0,"menu_order":0,"comment_status":"closed","ping_status":"closed","template":"","meta":{"footnotes":""},"class_list":["post-2067","page","type-page","status-publish","hentry"],"_links":{"self":[{"href":"https:\/\/www.corporate.rosner.de\/en\/wp-json\/wp\/v2\/pages\/2067"}],"collection":[{"href":"https:\/\/www.corporate.rosner.de\/en\/wp-json\/wp\/v2\/pages"}],"about":[{"href":"https:\/\/www.corporate.rosner.de\/en\/wp-json\/wp\/v2\/types\/page"}],"author":[{"embeddable":true,"href":"https:\/\/www.corporate.rosner.de\/en\/wp-json\/wp\/v2\/users\/1"}],"replies":[{"embeddable":true,"href":"https:\/\/www.corporate.rosner.de\/en\/wp-json\/wp\/v2\/comments?post=2067"}],"version-history":[{"count":1113,"href":"https:\/\/www.corporate.rosner.de\/en\/wp-json\/wp\/v2\/pages\/2067\/revisions"}],"predecessor-version":[{"id":8912,"href":"https:\/\/www.corporate.rosner.de\/en\/wp-json\/wp\/v2\/pages\/2067\/revisions\/8912"}],"wp:attachment":[{"href":"https:\/\/www.corporate.rosner.de\/en\/wp-json\/wp\/v2\/media?parent=2067"}],"curies":[{"name":"wp","href":"https:\/\/api.w.org\/{rel}","templated":true}]}}