{"id":6888,"date":"2023-07-14T09:04:03","date_gmt":"2023-07-14T07:04:03","guid":{"rendered":"https:\/\/www.corporate.rosner.de\/?page_id=6888"},"modified":"2024-02-14T16:05:32","modified_gmt":"2024-02-14T15:05:32","slug":"hinweisgeberschutz","status":"publish","type":"page","link":"https:\/\/www.corporate.rosner.de\/en\/hinweisgeberschutz\/","title":{"rendered":"Whistleblower protection"},"content":{"rendered":"<div data-elementor-type=\"wp-page\" data-elementor-id=\"6888\" class=\"elementor elementor-6888\" data-elementor-post-type=\"page\">\n\t\t\t\t\t\t<section class=\"elementor-section elementor-top-section elementor-element elementor-element-046c5b3 elementor-section-boxed elementor-section-height-default elementor-section-height-default\" data-id=\"046c5b3\" data-element_type=\"section\" data-e-type=\"section\">\n\t\t\t\t\t\t<div class=\"elementor-container elementor-column-gap-default\">\n\t\t\t\t\t<div class=\"elementor-column elementor-col-100 elementor-top-column elementor-element elementor-element-c6e281a\" data-id=\"c6e281a\" data-element_type=\"column\" data-e-type=\"column\">\n\t\t\t<div class=\"elementor-widget-wrap elementor-element-populated\">\n\t\t\t\t\t\t<div class=\"elementor-element elementor-element-3e918a8 elementor-widget elementor-widget-text-editor\" data-id=\"3e918a8\" data-element_type=\"widget\" data-e-type=\"widget\" data-widget_type=\"text-editor.default\">\n\t\t\t\t<div class=\"elementor-widget-container\">\n\t\t\t\t\t\t\t\t\t<p>The following information shows you where to submit tips for the internal reporting system for the preventive prevention of violations of applicable law or company policies (e.g. fraud or corruption as well as other criminal offences) and\/or for the detection of such violations.<\/p>\n<p><strong>Online<\/strong><\/p>\n<p>You can submit tips in our digital whistleblower system at any time. If you wish, this can also be done anonymously. After submitting the tip, you will receive access data so that you can log into the system at a later time and review the current status of the tip.<\/p>\n<p>Digital whistleblowing system: weberundott.interne-meldestelle.de<\/p>\n<p><\/p>\n<p>As we would like to ensure that the information is also properly received and fully documented via other channels, we have commissioned the company eSourceONE GmbH to act as an ombudsman. eSourceONE ensures that qualified employees receive the information via other reporting channels.<\/p>\n<p>Information can be submitted in the following ways:<\/p>\n<ul>\n<li><strong>by phone<\/strong> <br>unter der +49 951 700 86 44 <br>Tue: 09 a.m. \u2013 12 p.m.; Thu: 1 p.m. \u2013 4 p.m\n<\/li>\n<li><strong>In writing by e-mail<\/strong><br>to weberundott-hinweise@es1.de\n<\/li>\n<li><strong>In writing by post<\/strong> <br>eSourceONE GmbH <br>c\/o Weber &amp; Ott Aktiengesellschaft<br>Kronacher Stra\u00dfe 60<br>96052 Bamberg<br>Germany\n<\/li>\n<li><strong>At the office of eSourceONE (ombudsman's office)<br><\/strong>1st floor left\nKronacher Stra\u00dfe 60\n96052 Bamberg\nGermany <br>Tue: 09 a.m. \u2013 12 p.m.; Thu: 1 p.m. \u2013 4 p.m<\/li>\n<\/ul>\t\t\t\t\t\t\t\t<\/div>\n\t\t\t\t<\/div>\n\t\t\t\t\t<\/div>\n\t\t<\/div>\n\t\t\t\t\t<\/div>\n\t\t<\/section>\n\t\t\t\t<\/div>","protected":false},"excerpt":{"rendered":"<p>Die folgenden Informationen zeigen Ihnen, wo Hinweise f\u00fcr das interne Meldesystem zur pr\u00e4ventiven Verh\u00fctung von Verst\u00f6\u00dfen gegen geltendes Recht oder Unternehmensrichtlinien (z.B. Betrug oder Korruption sowie sonstige Straftatbest\u00e4nde) und\/oder zur Aufdeckung von solchen Verst\u00f6\u00dfen eingereicht werden k\u00f6nnen. Online Sie k\u00f6nnen jederzeit Hinweise in unserem digitalen Hinweisgebersystem einreichen. Dies kann auf Wunsch auch anonym geschehen. Nach [&hellip;]<\/p>\n","protected":false},"author":5,"featured_media":0,"parent":0,"menu_order":0,"comment_status":"closed","ping_status":"closed","template":"","meta":{"footnotes":""},"class_list":["post-6888","page","type-page","status-publish","hentry"],"_links":{"self":[{"href":"https:\/\/www.corporate.rosner.de\/en\/wp-json\/wp\/v2\/pages\/6888"}],"collection":[{"href":"https:\/\/www.corporate.rosner.de\/en\/wp-json\/wp\/v2\/pages"}],"about":[{"href":"https:\/\/www.corporate.rosner.de\/en\/wp-json\/wp\/v2\/types\/page"}],"author":[{"embeddable":true,"href":"https:\/\/www.corporate.rosner.de\/en\/wp-json\/wp\/v2\/users\/5"}],"replies":[{"embeddable":true,"href":"https:\/\/www.corporate.rosner.de\/en\/wp-json\/wp\/v2\/comments?post=6888"}],"version-history":[{"count":10,"href":"https:\/\/www.corporate.rosner.de\/en\/wp-json\/wp\/v2\/pages\/6888\/revisions"}],"predecessor-version":[{"id":7783,"href":"https:\/\/www.corporate.rosner.de\/en\/wp-json\/wp\/v2\/pages\/6888\/revisions\/7783"}],"wp:attachment":[{"href":"https:\/\/www.corporate.rosner.de\/en\/wp-json\/wp\/v2\/media?parent=6888"}],"curies":[{"name":"wp","href":"https:\/\/api.w.org\/{rel}","templated":true}]}}